{"id":82,"date":"2025-05-08T13:19:30","date_gmt":"2025-05-08T13:19:30","guid":{"rendered":"https:\/\/moore-bernossi.row2.moore-global.com\/?page_id=82"},"modified":"2025-12-01T08:43:48","modified_gmt":"2025-12-01T08:43:48","slug":"about-us","status":"publish","type":"page","link":"https:\/\/bernossi.moore-global.com\/en\/about-us\/","title":{"rendered":"About Us"},"content":{"rendered":"<style id=\"strategiq-hero-style\">@media (min-width: 992px){.block-hero{margin-left:83px}}.block-hero .position-relative:has(.hero__svg){overflow:hidden}.block-hero .hero__svg{z-index:1;-webkit-transform:translateX(100%);transform:translateX(100%);opacity:0;-webkit-animation:heroSvgFadeIn 1s ease-out forwards;animation:heroSvgFadeIn 1s ease-out forwards;-webkit-animation-delay:0.3s;animation-delay:0.3s}.block-hero .hero__svg-left{position:absolute;left:0;top:0;height:100%;-webkit-transform:translateX(100%);transform:translateX(100%);opacity:0;-webkit-animation:heroSvgFadeInReverse 2s cubic-bezier(0.25, 0.1, 0.05, 1) forwards;animation:heroSvgFadeInReverse 2s cubic-bezier(0.25, 0.1, 0.05, 1) forwards;-webkit-animation-delay:0.3s;animation-delay:0.3s}.block-hero .hero__svg-right{position:absolute;right:0;top:0;height:100%;-webkit-transform:translateX(-100%);transform:translateX(-100%);opacity:0;-webkit-animation:heroSvgFadeIn 2s cubic-bezier(0.25, 0.1, 0.05, 1) forwards;animation:heroSvgFadeIn 2s cubic-bezier(0.25, 0.1, 0.05, 1) forwards;-webkit-animation-delay:1s;animation-delay:1s}@-webkit-keyframes heroSvgFadeIn{0%{opacity:0;-webkit-transform:translateX(100%);transform:translateX(100%)}100%{opacity:1;-webkit-transform:translateX(0);transform:translateX(0)}}@keyframes heroSvgFadeIn{0%{opacity:0;-webkit-transform:translateX(100%);transform:translateX(100%)}100%{opacity:1;-webkit-transform:translateX(0);transform:translateX(0)}}@-webkit-keyframes heroSvgFadeInReverse{0%{opacity:0;-webkit-transform:translateX(-100%);transform:translateX(-100%)}100%{opacity:1;-webkit-transform:translateX(0);transform:translateX(0)}}@keyframes heroSvgFadeInReverse{0%{opacity:0;-webkit-transform:translateX(-100%);transform:translateX(-100%)}100%{opacity:1;-webkit-transform:translateX(0);transform:translateX(0)}}.block-hero--large{margin-left:0}.block-hero--large .hero{background:transparent}.block-hero--large.has-secondary-background-color .hero__content-wrapper{background-color:#5C0696}.block-hero--large.has-primary-background-color .hero__content-wrapper{background-color:#02212E}.block-hero--large.has-prussian-blue-background-color{background-color:transparent !important}.block-hero--large.has-prussian-blue-background-color .hero__content-wrapper{background:#004C6C}.block-hero--large.has-primary-gradient-gradient-background{background:transparent !important}.block-hero--large.has-primary-gradient-gradient-background .hero__content-wrapper{background:var(--primary-gradient)}.block-hero--large.has-secondary-gradient-gradient-background{background:transparent !important}.block-hero--large.has-secondary-gradient-gradient-background .hero__content-wrapper{background:var(--secondary-gradient)}.block-hero--large.has-tertiary-gradient-gradient-background{background:transparent !important}.block-hero--large.has-tertiary-gradient-gradient-background .hero__content-wrapper{background:var(--tertiary-gradient)}@media (min-width: 992px){.block-hero--heading-above-image{border-left:1px solid #D9D9D9;margin-right:83px}}.block-hero--heading-above-image .hero{min-height:410px}@media (min-width: 768px){.block-hero--heading-above-image .hero{min-height:570px}}.block-hero--heading-above-image .hero--call-to-action{-webkit-box-pack:end;-ms-flex-pack:end;justify-content:flex-end}@media (min-width: 992px){.block-hero--heading-above-image .hero--call-to-action{padding-right:0}}.block-hero.has-secondary-background-color{background-color:transparent !important}.block-hero.has-secondary-background-color .hero{background:#5C0696}.block-hero.has-white-background-color .hero{background:#fff}.block-hero.has-white-background-color .hero__title,.block-hero.has-white-background-color .hero__content p{color:#000}.block-hero.has-light-blue-background-color .hero{background:#eaf7fe}.block-hero.has-light-blue-background-color .hero__title,.block-hero.has-light-blue-background-color .hero__content p{color:#000}.block-hero.has-primary-background-color .hero{background:#02212E}.block-hero.has-prussian-blue-background-color{background-color:transparent !important}.block-hero.has-prussian-blue-background-color .hero{background:#004C6C}.block-hero.has-primary-gradient-gradient-background{background:transparent !important}.block-hero.has-primary-gradient-gradient-background .hero{background:var(--primary-gradient)}.block-hero.has-secondary-gradient-gradient-background{background:transparent !important}.block-hero.has-secondary-gradient-gradient-background .hero{background:var(--secondary-gradient)}.block-hero.has-tertiary-gradient-gradient-background{background:transparent !important}.block-hero.has-tertiary-gradient-gradient-background .hero{background:var(--tertiary-gradient)}\n\n\/*# sourceMappingURL=block-hero.css.map *\/\n<\/style>\n<section class=\"wp-block-strategiq block-hero block-hero block-hero--heading-above-image wp-block-strategiq-hero\">\n\t\n\t<div class=\"hero__heading-above-image\">\n\t\t<div class=\"row align-items-start\">\n\t\t\t<div class=\"col-12 col-lg-5 offset-lg-1\">\n\t\t\t\t<h1 class='hero__heading-above-image-title'>About<\/h1>\t\t\t<\/div>\n\t\t\t<div class=\"col-12 col-lg-5 offset-lg-1\">\n\t\t\t\t<div class=\"hero__heading-above-image-content\">\n\t\t\t\t\t<p>Le cabinet <b>MOORE Bernossi<\/b> fait partie du r\u00e9seau international Moore Global Network Limited, l\u2019un des plus importants r\u00e9seaux mondiaux de cabinets d\u2019audit, de comptabilit\u00e9 et de conseil juridique et fiscal, compos\u00e9 de plus de <b>260 cabinets ind\u00e9pendants<\/b>, au service de leurs clients dans 522 bureaux implant\u00e9s dans 114 pays.<\/p>\n\t\t\t\t<\/div>\n\t\t\t<\/div>\n\t\t<\/div>\n\t<\/div>\n\n<div class=\"hero hero--video\">\n\t\n\t<div class=\"container-fluid\">\n\t\t<div class=\"row\">\n\t\t\t<div class=\"col-12  p-0\">\n\t\t\t\t\t\t\t\t\t\t\t\t\t\n\t\t\t\t\t\t\t\t\t\t\t\t\t\t\t<iframe title=\"Moore is Different - English subtitles\" src=\"https:\/\/player.vimeo.com\/video\/1030038792?dnt=1&amp;app_id=122963&#038;autoplay=1&#038;controls=0&#038;loop=1&#038;playsinline=1&#038;preload=auto&#038;muted=1\"   frameborder=\"0\" allow=\"autoplay; fullscreen; picture-in-picture; clipboard-write; encrypted-media; web-share\" referrerpolicy=\"strict-origin-when-cross-origin\"><\/iframe>\t\t\t\t\t\t\t\t\t\n\t\t\t\t\n\t\t\t<\/div>\n\n\t\t\t\t\t<\/div>\n\t<\/div>\n\n\t<\/div>\n<\/section>\n\n\n<style id=\"strategiq-two-column-style\">.block-two-column{padding:40px 0 20px}.single-firm .block-two-column{padding-bottom:1.875rem}@media (min-width: 768px){.block-two-column{padding:0}}@media (min-width: 768px){.block-two-column .content-offset-right{padding-right:0}}@media (min-width: 992px){.block-two-column .content-offset-right{padding-right:calc(8.33333% + 24px)}}.block-two-column img{width:100%}.block-two-column__content{color:var(--text-color)}.block-two-column__content p:last-of-type{margin-bottom:0}.block-two-column__list-content{margin-bottom:2.5rem}.block-two-column__list-heading{margin-bottom:8px;font-size:20px;font-weight:500}.block-two-column__list li p:last-of-type{margin-bottom:0}.block-two-column__list ul:first-of-type,.block-two-column__list ol:first-of-type{margin-top:0}.block-two-column__list ul:first-of-type li:first-of-type,.block-two-column__list ol:first-of-type li:first-of-type{margin-top:0}.block-two-column__list>p+ul:first-of-type,.block-two-column__list>p+ol:first-of-type{margin-top:1rem}.block-two-column__list>p+ul:first-of-type li:first-of-type,.block-two-column__list>p+ol:first-of-type li:first-of-type{margin-top:24px}.block-two-column__content.position-sticky,.block-two-column__list.position-sticky,.block-two-column__image-container.position-sticky{top:calc(var(--site-header-height) + 1rem)}.block-two-column__content,.block-two-column__image,.block-two-column__list{padding:12px 0}@media (min-width: 768px){.block-two-column__content,.block-two-column__image,.block-two-column__list{padding:2.5rem 1rem}}@media (min-width: 992px){.block-two-column__content,.block-two-column__image,.block-two-column__list{padding:5rem 0 3.75rem 0}}\n\n\/*# sourceMappingURL=block-two-column.css.map *\/\n<\/style>\n<section class=\"wp-block-strategiq block-two-column wp-block-strategiq-two-column\">\n\t<div class=\"container\">\n\t\t\t\t\t<div class=\"line line--grey\"><\/div>\n\t\t\t<div class=\"section-name\">\n\t\t\t\t<div class=\"section-name__inner\">\n\t\t\t\t\t\t\t\t\t\t<h2 class=\"section-name__heading\">A PROPOS DE NOUS<\/h2>\n\t\t\t\t<\/div>\n\t\t\t<\/div>\n\t\t\t\t<div class=\"row align-items-start\">\n\t\t\t\t\t\t\t<div class=\"col-12 col-md-6 col-lg-5 offset-lg-1 content-offset-right\">\n\t\t\t\t\t\t\t\t\t\t\t<div class=\"block-two-column__content content-container\">\n\t\t\t\t\t\t\t\t\t\t\t\t\t\t\t<p class=\"body--xlarge\">Bas\u00e9 \u00e0 Tanger, le groupe Bernossi a \u00e9t\u00e9 fond\u00e9 en 1985 par <strong>Abdellatif BERNOSSI<\/strong>, reconnu pour sa fonction de Pr\u00e9sident de l\u2019Ordre des Experts Comptables du Maroc occup\u00e9e de 2008 \u00e0 2011, et \u00e0 ce jour Pr\u00e9sident d\u2019Honneur, et pour son implication dans les organisations professionnelles et dans la soci\u00e9t\u00e9 civile, essentiellement dans le domaine associatif.<\/p>\n\t\t\t\t\t\t\t\t\t\t\t\t\t<\/div>\n\t\t\t\t\t\t\t\t\t<\/div>\n\t\t\t\t\t\t\t<div class=\"col-12 col-md-6 col-lg-5 offset-lg-1 content-offset-right\">\n\t\t\t\t\t\t\t\t\t\t\t<div class=\"block-two-column__content content-container\">\n\t\t\t\t\t\t\t\t\t\t\t\t\t\t\t<p><strong>MOORE Bernossi<\/strong> s\u2019engage \u00e0 apporter tout son <strong>savoir-faire<\/strong> pour l\u2019accompagnement de ses clients \u00e0 travers une expertise cibl\u00e9e et des conseils personnalis\u00e9s en mati\u00e8re comptable, fiscale, juridique, et financi\u00e8re.<\/p>\n<p>Le but des membres du r\u00e9seau MOORE Global est de fournir des services aux <strong>standards internationaux<\/strong>, complets et personnalis\u00e9s aux clients, \u00e0 travers le d\u00e9veloppement et l&#8217;entretien d&#8217;un r\u00e9seau performant qui op\u00e8re aux m\u00eames niveaux de professionnalisme et de qualit\u00e9 dans chaque pays.<\/p>\n\t\t\t\t\t\t\t\t\t\t\t\t\t<\/div>\n\t\t\t\t\t\t\t\t\t<\/div>\n\t\t\t\t\t<\/div>\n\t<\/div>\n<\/section>\n\n\n<section class=\"wp-block-strategiq block-section-wrap wp-block-strategiq-section-wrap\">\n\t<div class=\"container\">\n\t\t\n<div class=\"line line--grey\"><\/div>\n\t<div class=\"section-name\">\n\t\t<div class=\"section-name__inner\">\n\t\t\t\t\t\t<h2 class=\"section-name__heading\">ORGANISATION<\/h2>\n\t\t<\/div>\n\t<\/div>\n\t\t<div class=\"acf-innerblocks-container\">\n\n<section class=\"wp-block-strategiq block-two-column wp-block-strategiq-two-column\">\n\t<div class=\"container\">\n\t\t\t\t<div class=\"row align-items-center\">\n\t\t\t\t\t\t\t<div class=\"col-12 col-md-6 col-lg-5 offset-lg-1 content-offset-right\">\n\t\t\t\t\t\t\t\t\t\t\t<div class=\"block-two-column__image-container\">\n\t\t\t\t\t\t\t<picture class=\"block-two-column__image\"><source media=\"(min-width: 0px)\" loading=\"lazy\" srcset=\"https:\/\/bernossi.moore-global.com\/wp-content\/uploads\/sites\/4\/bis-images\/395\/Cabinet-A.-Bernossi-590x395-f50_50.png 1.000x,https:\/\/bernossi.moore-global.com\/wp-content\/uploads\/sites\/4\/bis-images\/395\/Cabinet-A.-Bernossi-1000x669-f50_50.png 1.695x\"><img decoding=\"async\" loading=\"lazy\" src=\"https:\/\/bernossi.moore-global.com\/wp-content\/uploads\/sites\/4\/bis-images\/395\/Cabinet-A.-Bernossi-590x395-f50_50.png\" srcset=\"https:\/\/bernossi.moore-global.com\/wp-content\/uploads\/sites\/4\/bis-images\/395\/Cabinet-A.-Bernossi-590x395-f50_50.png 1.000x,https:\/\/bernossi.moore-global.com\/wp-content\/uploads\/sites\/4\/bis-images\/395\/Cabinet-A.-Bernossi-1000x669-f50_50.png 1.695x\" alt=\"About Us\" width=\"590\" height=\"395\" class=\"\"><\/picture>\t\t\t\t\t\t<\/div>\n\t\t\t\t\t\t\t\t\t<\/div>\n\t\t\t\t\t\t\t<div class=\"col-12 col-md-6\">\n\t\t\t\t\t\t\t\t\t\t\t<div class=\"block-two-column__content content-container\">\n\t\t\t\t\t\t\t\t\t\t\t\t\t\t\t<h3 class=\"body--xlarge\">Notre organisation<\/h3>\n<p>3 structures juridiques pour une approche sur-mesure de nos clients<\/p>\n\t\t\t\t\t\t\t\t\t\t\t\t\t<\/div>\n\t\t\t\t\t\t\t\t\t<\/div>\n\t\t\t\t\t<\/div>\n\t<\/div>\n<\/section>\n<\/div>\n\t<\/div>\n<\/section>\n\n\n\n<hr class=\"wp-block-separator has-alpha-channel-opacity\" \/>\n\n\n\n<section class=\"wp-block-strategiq block-two-column wp-block-strategiq-two-column\">\n\t<div class=\"container\">\n\t\t\t\t\t<div class=\"line line--grey\"><\/div>\n\t\t\t<div class=\"section-name\">\n\t\t\t\t<div class=\"section-name__inner\">\n\t\t\t\t\t\t\t\t\t\t<h2 class=\"section-name__heading\">STRUCTURE<\/h2>\n\t\t\t\t<\/div>\n\t\t\t<\/div>\n\t\t\t\t<div class=\"row align-items-center\">\n\t\t\t\t\t\t\t<div class=\"col-12 col-md-6 col-lg-5 offset-lg-1 content-offset-right\">\n\t\t\t\t\t\t\t\t\t\t\t<div class=\"block-two-column__content content-container\">\n\t\t\t\t\t\t\t\t\t\t\t\t\t\t\t<h3 class=\"body--xlarge\">Notre \u00e9quipe<\/h3>\n<p>La structure interne de MOORE Bernossi est compos\u00e9e d&#8217;associ\u00e9s et de collaborateurs hautement qualifi\u00e9s, soucieux de r\u00e9pondre aux questions des clients \u00e0 tout moment.<\/p>\n<p>Issus, dans leur majorit\u00e9, des meilleures \u00e9coles de gestion marocaines, alg\u00e9riennes et fran\u00e7aises, ils b\u00e9n\u00e9ficient d\u2019une formation continue adapt\u00e9e \u00e0 la nature de leurs t\u00e2ches et qui garantit la qualit\u00e9 de leur prestation.<\/p>\n<p>Afin de satisfaire les clients provenant de tous horizons, les \u00e9changes avec les collaborateurs pourront avoir lieu aussi bien en arabe, qu\u2019en fran\u00e7ais, anglais ou espagnol.<\/p>\n\t\t\t\t\t\t\t\t\t\t\t\t\t<\/div>\n\t\t\t\t\t\t\t\t\t<\/div>\n\t\t\t\t\t\t\t<div class=\"col-12 col-md-6 content-offset-right\">\n\t\t\t\t\t\t\t\t\t\t\t<div class=\"block-two-column__image-container\">\n\t\t\t\t\t\t\t<picture class=\"block-two-column__image\"><source media=\"(min-width: 0px)\" loading=\"lazy\" srcset=\"https:\/\/bernossi.moore-global.com\/wp-content\/uploads\/sites\/4\/bis-images\/402\/Cabinet-A.-Bernossi-3-1-590x395-f50_50.png 1.000x,https:\/\/bernossi.moore-global.com\/wp-content\/uploads\/sites\/4\/bis-images\/402\/Cabinet-A.-Bernossi-3-1-1180x790-f50_50.png 2.000x\"><img decoding=\"async\" loading=\"lazy\" src=\"https:\/\/bernossi.moore-global.com\/wp-content\/uploads\/sites\/4\/bis-images\/402\/Cabinet-A.-Bernossi-3-1-590x395-f50_50.png\" srcset=\"https:\/\/bernossi.moore-global.com\/wp-content\/uploads\/sites\/4\/bis-images\/402\/Cabinet-A.-Bernossi-3-1-590x395-f50_50.png 1.000x,https:\/\/bernossi.moore-global.com\/wp-content\/uploads\/sites\/4\/bis-images\/402\/Cabinet-A.-Bernossi-3-1-1180x790-f50_50.png 2.000x\" alt=\"About Us\" width=\"590\" height=\"395\" class=\"\"><\/picture>\t\t\t\t\t\t<\/div>\n\t\t\t\t\t\t\t\t\t<\/div>\n\t\t\t\t\t<\/div>\n\t<\/div>\n<\/section>\n\n\n<section class=\"wp-block-strategiq block-two-column wp-block-strategiq-two-column\">\n\t<div class=\"container\">\n\t\t\t\t\t<div class=\"line line--grey\"><\/div>\n\t\t\t<div class=\"section-name\">\n\t\t\t\t<div class=\"section-name__inner\">\n\t\t\t\t\t\t\t\t\t\t<h2 class=\"section-name__heading\">D\u00e9veloppement<\/h2>\n\t\t\t\t<\/div>\n\t\t\t<\/div>\n\t\t\t\t<div class=\"row align-items-start\">\n\t\t\t\t\t\t\t<div class=\"col-12 col-md-6 col-lg-5 offset-lg-1 content-offset-right\">\n\t\t\t\t\t\t\t\t\t\t\t<div class=\"block-two-column__content content-container\">\n\t\t\t\t\t\t\t\t\t\t\t\t\t\t\t<h3 class=\"body--xlarge\">Un d\u00e9veloppement consid\u00e9rable<\/h3>\n<p>L\u2019engagement envers l&#8217;int\u00e9grit\u00e9, l\u2019objectivit\u00e9, la comp\u00e9tence, la confidentialit\u00e9 et la qualit\u00e9 est au c\u0153ur de chaque interaction avec les clients, ce qui fait du cabinet MOORE Bernossi un partenaire de confiance pour toutes les questions juridiques, sociales et fiscales.<\/p>\n<p>MOORE Bernossi offre des missions d\u2019accompagnement \u00e0 ses clients sur un grand nombre de domaines ayant trait \u00e0 la vie de leur soci\u00e9t\u00e9, de la comptabilit\u00e9, audit, finance, droit des affaires, \u00e0 la fiscalit\u00e9 et au conseil.<\/p>\n<p>&nbsp;<\/p>\n\t\t\t\t\t\t\t\t\t\t\t\t\t<\/div>\n\t\t\t\t\t\t\t\t\t<\/div>\n\t\t\t\t\t\t\t<div class=\"col-12 col-md-6\">\n\t\t\t\t\t\t\t\t\t\t\t<div class=\"block-two-column__content content-container\">\n\t\t\t\t\t\t\t\t\t\t\t\t\t\t\t<div>\n<ol>\n<li>Cr\u00e9ation du Cabinet <strong>A. BERNOSSI<\/strong><\/li>\n<li>Cr\u00e9ation de <strong>Audit Bernossi et Associ\u00e9s<\/strong><\/li>\n<li><strong><img decoding=\"async\" src=\"https:\/\/test-bernossi.moore-global.com\/getmedia\/03cc4af5-12ce-41b6-9838-9cb1847c6c29\/dates_Plan-de-travail-1-copie-2.png\" alt=\"\" width=\"80\" \/>Audit Bernossi et Associ\u00e9s<\/strong> int\u00e8gre le r\u00e9seau Moore Stephens et devient <strong>MOORE Stephens Bernossi<\/strong><\/li>\n<li>Cr\u00e9ation de <strong>Bernossi Accounting &amp; Services<\/strong><\/li>\n<li>\n<div><img decoding=\"async\" src=\"https:\/\/test-bernossi.moore-global.com\/getmedia\/56abe87f-9e30-48c7-a688-18339c7a144e\/dates_Plan-de-travail-1-copie-3.png\" alt=\"\" width=\"80\" \/><img decoding=\"async\" src=\"https:\/\/test-bernossi.moore-global.com\/getmedia\/649d2014-c399-4f73-aaa7-ef93cfc90cf6\/dates_Plan-de-travail-1-copie-4.png\" alt=\"\" width=\"80\" \/><strong>MOORE Stephens<\/strong> devient <strong>MOORE<\/strong> \u00e0 l\u2019\u00e9chelle internationale<\/div>\n<\/li>\n<\/ol>\n<\/div>\n\t\t\t\t\t\t\t\t\t\t\t\t\t<\/div>\n\t\t\t\t\t\t\t\t\t<\/div>\n\t\t\t\t\t<\/div>\n\t<\/div>\n<\/section>\n\n\n<section class=\"wp-block-strategiq block-section-wrap wp-block-strategiq-section-wrap has-background has-light-blue-background-color\">\n\t<div class=\"container\">\n\t\t\n<div class=\"line line--grey\"><\/div>\n\t<div class=\"section-name\">\n\t\t<div class=\"section-name__inner\">\n\t\t\t\t\t\t<p class=\"section-name__heading\">EQUIPE<\/p>\n\t\t<\/div>\n\t<\/div>\n\t\t<div class=\"acf-innerblocks-container\">\n\n<section class=\"wp-block-strategiq block-two-column wp-block-strategiq-two-column\">\n\t<div class=\"container\">\n\t\t\t\t<div class=\"row align-items-start\">\n\t\t\t\t\t<\/div>\n\t<\/div>\n<\/section>\n\n\n<hr class=\"wp-block-separator has-alpha-channel-opacity\" \/>\n\n\n\n\t<section class=\"wp-block-strategiq block-content-carousel block-content-carousel--portrait wp-block-strategiq-content-carousel\">\n\n\t\t\n\t\t\t\t\t<div class=\"container\">\n\t\t\t\t<div class=\"line line--grey\"><\/div>\n\t\t\t\t<div class=\"section-name\">\n\t\t\t\t\t<div class=\"section-name__inner\">\n\t\t\t\t\t\t\t\t\t\t\t\t<h1 class=\"section-name__heading\"><\/h1>\n\t\t\t\t\t<\/div>\n\t\t\t\t<\/div>\n\t\t\t<\/div>\n\t\t\t\t<div class=\"block-content-carousel__wrapper\">\n\t\t\t<div class=\"swiper\">\n\t\t\t\t<div class=\"swiper-wrapper\">\n\t\t\t\t\t\n<div class=\"swiper-slide\">\n\t<a href=\"https:\/\/bernossi.moore-global.com\/en\/about\/people\/example-person\/\" class=\"block-content-carousel__slide\">\n\t\t<picture class=\"block-content-carousel__slide-image\"><source media=\"(min-width: 1200px)\" srcset=\"https:\/\/bernossi.moore-global.com\/wp-content\/uploads\/sites\/4\/bis-images\/249\/abdellatif_bernossi-410x420-f50_50.jpg 1.000x,https:\/\/bernossi.moore-global.com\/wp-content\/uploads\/sites\/4\/bis-images\/249\/abdellatif_bernossi-570x584-f50_50.jpg 1.390x\"><source media=\"(min-width: 0px)\" loading=\"lazy\" srcset=\"https:\/\/bernossi.moore-global.com\/wp-content\/uploads\/sites\/4\/bis-images\/249\/abdellatif_bernossi-360x370-f50_50.jpg 1.000x,https:\/\/bernossi.moore-global.com\/wp-content\/uploads\/sites\/4\/bis-images\/249\/abdellatif_bernossi-568x584-f50_50.jpg 1.578x\"><img decoding=\"async\" loading=\"lazy\" src=\"https:\/\/bernossi.moore-global.com\/wp-content\/uploads\/sites\/4\/bis-images\/249\/abdellatif_bernossi-360x370-f50_50.jpg\" srcset=\"https:\/\/bernossi.moore-global.com\/wp-content\/uploads\/sites\/4\/bis-images\/249\/abdellatif_bernossi-360x370-f50_50.jpg 1.000x,https:\/\/bernossi.moore-global.com\/wp-content\/uploads\/sites\/4\/bis-images\/249\/abdellatif_bernossi-568x584-f50_50.jpg 1.578x\" alt=\"About Us\" width=\"360\" height=\"370\" class=\"\"><\/picture>\n\t\t<div class=\"block-content-carousel__slide-content block-content-carousel__slide-content--person\">\n\t\t\t<div class=\"block-content-carousel__slide-content--person-header\">\n\t\t\t\t<h3>Abdellatif Bernossi<\/h3>\n\t\t\t\t<span class=\"person-job-title\"><\/span>\n\t\t\t\t\n\t\t\t\t\t\t\t<\/div>\n\t\t\t<span class=\"person-location\"><\/span>\n\t\t<\/div>\n\t<\/a>\n<\/div>\t\t\t\t<\/div>\n\t\t\t\t<div class=\"slider-navigation\">\n\t\t\t\t\t<div class=\"slider-pagination\"><\/div>\n\t\t\t\t\t<div class=\"slider-button slider-button--prev\"><svg width=\"11\" height=\"18\" viewbox=\"0 0 11 18\" fill=\"none\" xmlns=\"http:\/\/www.w3.org\/2000\/svg\">\n<path d=\"M9.58203 0.652832L1.41536 8.8195L9.58203 16.9862\" stroke=\"#02212E\" stroke-width=\"1.36111\"\/>\n<\/svg>\n<\/div>\n\t\t\t\t\t<div class=\"slider-button slider-button--next\"><svg width=\"11\" height=\"18\" viewbox=\"0 0 11 18\" fill=\"none\" xmlns=\"http:\/\/www.w3.org\/2000\/svg\">\n<path d=\"M9.58203 0.652832L1.41536 8.8195L9.58203 16.9862\" stroke=\"#02212E\" stroke-width=\"1.36111\"\/>\n<\/svg>\n<\/div>\n\t\t\t\t<\/div>\n\t\t\t<\/div>\n\t\t<\/div>\n\t<\/section>\n\n<\/div>\n\t<\/div>\n<\/section>\n\n\n\n<hr class=\"wp-block-separator has-alpha-channel-opacity\" \/>\n\n\n\n<p><\/p>","protected":false},"excerpt":{"rendered":"","protected":false},"author":3,"featured_media":0,"parent":0,"menu_order":4,"comment_status":"closed","ping_status":"closed","template":"","meta":{"_acf_changed":true,"footnotes":""},"class_list":["post-82","page","type-page","status-publish","hentry"],"acf":[],"yoast_head":"<!-- This site is optimized with the Yoast SEO plugin v27.2 - https:\/\/yoast.com\/product\/yoast-seo-wordpress\/ -->\n<title>About Us - Moore Bernossi<\/title>\n<meta name=\"robots\" content=\"index, follow, max-snippet:-1, max-image-preview:large, max-video-preview:-1\" \/>\n<link rel=\"canonical\" href=\"https:\/\/bernossi.moore-global.com\/en\/about-us\/\" \/>\n<meta property=\"og:locale\" content=\"en_US\" \/>\n<meta property=\"og:type\" content=\"article\" \/>\n<meta property=\"og:title\" content=\"About Us - Moore Bernossi\" \/>\n<meta property=\"og:url\" content=\"https:\/\/bernossi.moore-global.com\/en\/about-us\/\" \/>\n<meta property=\"og:site_name\" content=\"Moore Bernossi\" \/>\n<meta property=\"article:modified_time\" content=\"2025-12-01T08:43:48+00:00\" \/>\n<meta name=\"twitter:card\" content=\"summary_large_image\" \/>\n<script type=\"application\/ld+json\" class=\"yoast-schema-graph\">{\"@context\":\"https:\/\/schema.org\",\"@graph\":[{\"@type\":\"WebPage\",\"@id\":\"https:\/\/bernossi.moore-global.com\/about-us\/\",\"url\":\"https:\/\/bernossi.moore-global.com\/about-us\/\",\"name\":\"About Us - Moore Bernossi\",\"isPartOf\":{\"@id\":\"https:\/\/bernossi.moore-global.com\/#website\"},\"datePublished\":\"2025-05-08T13:19:30+00:00\",\"dateModified\":\"2025-12-01T08:43:48+00:00\",\"breadcrumb\":{\"@id\":\"https:\/\/bernossi.moore-global.com\/about-us\/#breadcrumb\"},\"inLanguage\":\"en-US\",\"potentialAction\":[{\"@type\":\"ReadAction\",\"target\":[\"https:\/\/bernossi.moore-global.com\/about-us\/\"]}]},{\"@type\":\"BreadcrumbList\",\"@id\":\"https:\/\/bernossi.moore-global.com\/about-us\/#breadcrumb\",\"itemListElement\":[{\"@type\":\"ListItem\",\"position\":1,\"name\":\"Home\",\"item\":\"https:\/\/bernossi.moore-global.com\/\"},{\"@type\":\"ListItem\",\"position\":2,\"name\":\"About Us\"}]},{\"@type\":\"WebSite\",\"@id\":\"https:\/\/bernossi.moore-global.com\/#website\",\"url\":\"https:\/\/bernossi.moore-global.com\/\",\"name\":\"Moore Bernossi\",\"description\":\"This is the base site for Moore Global\",\"potentialAction\":[{\"@type\":\"SearchAction\",\"target\":{\"@type\":\"EntryPoint\",\"urlTemplate\":\"https:\/\/bernossi.moore-global.com\/?s={search_term_string}\"},\"query-input\":{\"@type\":\"PropertyValueSpecification\",\"valueRequired\":true,\"valueName\":\"search_term_string\"}}],\"inLanguage\":\"en-US\"}]}<\/script>\n<!-- \/ Yoast SEO plugin. -->","yoast_head_json":{"title":"About Us - Moore Bernossi","robots":{"index":"index","follow":"follow","max-snippet":"max-snippet:-1","max-image-preview":"max-image-preview:large","max-video-preview":"max-video-preview:-1"},"canonical":"https:\/\/bernossi.moore-global.com\/en\/about-us\/","og_locale":"en_US","og_type":"article","og_title":"About Us - Moore Bernossi","og_url":"https:\/\/bernossi.moore-global.com\/en\/about-us\/","og_site_name":"Moore Bernossi","article_modified_time":"2025-12-01T08:43:48+00:00","twitter_card":"summary_large_image","schema":{"@context":"https:\/\/schema.org","@graph":[{"@type":"WebPage","@id":"https:\/\/bernossi.moore-global.com\/about-us\/","url":"https:\/\/bernossi.moore-global.com\/about-us\/","name":"About Us - Moore Bernossi","isPartOf":{"@id":"https:\/\/bernossi.moore-global.com\/#website"},"datePublished":"2025-05-08T13:19:30+00:00","dateModified":"2025-12-01T08:43:48+00:00","breadcrumb":{"@id":"https:\/\/bernossi.moore-global.com\/about-us\/#breadcrumb"},"inLanguage":"en-US","potentialAction":[{"@type":"ReadAction","target":["https:\/\/bernossi.moore-global.com\/about-us\/"]}]},{"@type":"BreadcrumbList","@id":"https:\/\/bernossi.moore-global.com\/about-us\/#breadcrumb","itemListElement":[{"@type":"ListItem","position":1,"name":"Home","item":"https:\/\/bernossi.moore-global.com\/"},{"@type":"ListItem","position":2,"name":"About Us"}]},{"@type":"WebSite","@id":"https:\/\/bernossi.moore-global.com\/#website","url":"https:\/\/bernossi.moore-global.com\/","name":"Moore Bernossi","description":"This is the base site for Moore Global","potentialAction":[{"@type":"SearchAction","target":{"@type":"EntryPoint","urlTemplate":"https:\/\/bernossi.moore-global.com\/?s={search_term_string}"},"query-input":{"@type":"PropertyValueSpecification","valueRequired":true,"valueName":"search_term_string"}}],"inLanguage":"en-US"}]}},"_links":{"self":[{"href":"https:\/\/bernossi.moore-global.com\/en\/wp-json\/wp\/v2\/pages\/82","targetHints":{"allow":["GET"]}}],"collection":[{"href":"https:\/\/bernossi.moore-global.com\/en\/wp-json\/wp\/v2\/pages"}],"about":[{"href":"https:\/\/bernossi.moore-global.com\/en\/wp-json\/wp\/v2\/types\/page"}],"author":[{"embeddable":true,"href":"https:\/\/bernossi.moore-global.com\/en\/wp-json\/wp\/v2\/users\/3"}],"replies":[{"embeddable":true,"href":"https:\/\/bernossi.moore-global.com\/en\/wp-json\/wp\/v2\/comments?post=82"}],"version-history":[{"count":0,"href":"https:\/\/bernossi.moore-global.com\/en\/wp-json\/wp\/v2\/pages\/82\/revisions"}],"wp:attachment":[{"href":"https:\/\/bernossi.moore-global.com\/en\/wp-json\/wp\/v2\/media?parent=82"}],"curies":[{"name":"wp","href":"https:\/\/api.w.org\/{rel}","templated":true}]}}